{"id":13018,"date":"2015-06-22T04:28:43","date_gmt":"2015-06-22T04:28:43","guid":{"rendered":"http:\/\/localhost\/demo-bullet\/?page_id=13018"},"modified":"2017-10-14T05:26:15","modified_gmt":"2017-10-14T05:26:15","slug":"home-pattern-1","status":"publish","type":"page","link":"https:\/\/www.bernoulli-design.ch\/fr\/","title":{"rendered":"Bernoulli Design"},"content":{"rendered":"<p>[vc_row css=\u00a0\u00bb.vc_custom_1461043959486{margin-bottom: 20px !important;padding-right: -15px !important;padding-left: -15px !important;}\u00a0\u00bb][vc_column css=\u00a0\u00bb.vc_custom_1461043940260{padding-right: 0px !important;padding-left: 0px !important;}\u00a0\u00bb][rev_slider_vc alias=\u00a0\u00bbbernoulli\u00a0\u00bb][\/vc_column][vc_column css=\u00a0\u00bb.vc_custom_1462168178651{margin-top: 20px !important;padding-right: 0px !important;padding-left: 0px !important;}\u00a0\u00bb][vc_accordion][vc_accordion_tab title=\u00a0\u00bbBernoulli Design &#8211; Meubles cr\u00e9\u00e9s \u00e0 partir de pi\u00e8ces d&rsquo;avion\u00a0\u00bb][vc_column_text]Nos meubles en ont vu de toutes les couleurs\u00a0! A une altitude de 40&rsquo;000 pieds et bien au-del\u00e0, ils ont fi\u00e8rement servi et gard\u00e9 les passagers en s\u00e9curit\u00e9. Que ce soit sous forme de pales de rotor, de r\u00e9acteurs, d\u2019ailes ou de signal lumineux de sortie de secours, ils ont survol\u00e9 des oc\u00e9ans d\u00e9cha\u00een\u00e9s et des d\u00e9serts brulants et ont vu les m\u00e9tropoles les plus excitantes de cette plan\u00e8te. Chaque pi\u00e8ce a sa propre histoire \u00e0 raconter et c\u2019est exactement ce mobilier, avec son r\u00e9cit d\u2019aventures, que nous d\u00e9sirons mettre \u00e0 votre disposition.<\/p>\n<p>Chacune de nos cr\u00e9ations est unique et fabriqu\u00e9e \u00e0 la main en Suisse, \u00e0 Heimberg dans le canton de Berne. Chaque meuble est adapt\u00e9 \u00e0 vos besoins.<\/p>\n<p>Le traitement des m\u00e9taux a lieu dans notre propre usine. En ce qui concerne les autres mat\u00e9riaux tels que le bois, le verre et le cuir, nous coop\u00e9rons avec des fournisseurs locaux qui partagent nos valeurs et travaillent avec le m\u00eame soin que nous.<\/p>\n<p>Vous pouvez apporter votre propre id\u00e9e ou choisir parmi notre programme standard, nous adaptons nos designs \u00e0 vos besoins individuels. Souhaitez-vous garder votre pi\u00e8ce avec son verni d&rsquo;origine ou nouvellement laqu\u00e9e? Et pr\u00e9f\u00e9rez-vous l&rsquo;aluminium brut, poli ou satin\u00e9? Quels que soient vos souhaits, nous sommes heureux de les accueillir&#8230; le ciel est la limite\u00a0![\/vc_column_text][\/vc_accordion_tab][vc_accordion_tab title=\u00a0\u00bbMobilier sur mesure\u00a0\u00bb][vc_column_text]Nous serions heureux de fabriquer vos meubles sur mesure, selon vos besoins. L&rsquo;aviation est notre passion et \u00e0 travers nos cr\u00e9ations, nous esp\u00e9rons la partager avec vous![\/vc_column_text][\/vc_accordion_tab][vc_accordion_tab title=\u00a0\u00bbConseils personnalis\u00e9s\u00a0\u00bb][vc_column_text]Nous serions heureux de vous conseiller personnellement et sans engagement. Veuillez remplir le <a href=\"https:\/\/www.bernoulli-design.ch\/contact\/\">formulaire de contact<\/a>.[\/vc_column_text][\/vc_accordion_tab][\/vc_accordion][\/vc_column][\/vc_row]<\/p>","protected":false},"excerpt":{"rendered":"<p>[vc_row css=\u00a0\u00bb.vc_custom_1461043959486{margin-bottom: 20px !important;padding-right: -15px !important;padding-left: -15px !important;}\u00a0\u00bb][vc_column css=\u00a0\u00bb.vc_custom_1461043940260{padding-right: 0px !important;padding-left: 0px !important;}\u00a0\u00bb][rev_slider_vc alias=\u00a0\u00bbbernoulli\u00a0\u00bb][\/vc_column][vc_column css=\u00a0\u00bb.vc_custom_1462168178651{margin-top: 20px !important;padding-right: 0px !important;padding-left: 0px !important;}\u00a0\u00bb][vc_accordion][vc_accordion_tab title=\u00a0\u00bbBernoulli Design &#8211; Meubles cr\u00e9\u00e9s \u00e0 partir de pi\u00e8ces d&rsquo;avion\u00a0\u00bb][vc_column_text]Nos meubles en ont vu de toutes les couleurs\u00a0! A une altitude de 40&rsquo;000 pieds et bien au-del\u00e0, ils ont fi\u00e8rement servi et gard\u00e9 les [&hellip;]<\/p>\n","protected":false},"author":1,"featured_media":0,"parent":0,"menu_order":0,"comment_status":"closed","ping_status":"closed","template":"page-templates\/page.php","meta":{"footnotes":""},"class_list":["post-13018","page","type-page","status-publish","hentry"],"_links":{"self":[{"href":"https:\/\/www.bernoulli-design.ch\/fr\/wp-json\/wp\/v2\/pages\/13018","targetHints":{"allow":["GET"]}}],"collection":[{"href":"https:\/\/www.bernoulli-design.ch\/fr\/wp-json\/wp\/v2\/pages"}],"about":[{"href":"https:\/\/www.bernoulli-design.ch\/fr\/wp-json\/wp\/v2\/types\/page"}],"author":[{"embeddable":true,"href":"https:\/\/www.bernoulli-design.ch\/fr\/wp-json\/wp\/v2\/users\/1"}],"replies":[{"embeddable":true,"href":"https:\/\/www.bernoulli-design.ch\/fr\/wp-json\/wp\/v2\/comments?post=13018"}],"version-history":[{"count":40,"href":"https:\/\/www.bernoulli-design.ch\/fr\/wp-json\/wp\/v2\/pages\/13018\/revisions"}],"predecessor-version":[{"id":13914,"href":"https:\/\/www.bernoulli-design.ch\/fr\/wp-json\/wp\/v2\/pages\/13018\/revisions\/13914"}],"wp:attachment":[{"href":"https:\/\/www.bernoulli-design.ch\/fr\/wp-json\/wp\/v2\/media?parent=13018"}],"curies":[{"name":"wp","href":"https:\/\/api.w.org\/{rel}","templated":true}]}}