{"id":45,"date":"2015-04-17T08:20:49","date_gmt":"2015-04-17T08:20:49","guid":{"rendered":"http:\/\/localhost\/demo-bullet\/?page_id=45"},"modified":"2017-09-16T15:06:32","modified_gmt":"2017-09-16T15:06:32","slug":"about-2","status":"publish","type":"page","link":"https:\/\/www.bernoulli-design.ch\/fr\/about-2\/","title":{"rendered":"A PROPOS DE NOUS"},"content":{"rendered":"<p>[vc_row bg_overlay=\u00a0\u00bb0&Prime; css=\u00a0\u00bb.vc_custom_1433475351746{padding-right: 15px !important;padding-left: 15px !important;}\u00a0\u00bb][vc_column][vc_custom_heading text=\u00a0\u00bbNOTRE VISION\u00a0\u00bb layout=\u00a0\u00bblayout2&Prime; title=\u00a0\u00bbText on the button\u00a0\u00bb button_type=\u00a0\u00bbbtn btn-default\u00a0\u00bb align=\u00a0\u00bbinline\u00a0\u00bb i_align=\u00a0\u00bbleft\u00a0\u00bb i_type=\u00a0\u00bbfontawesome\u00a0\u00bb i_icon_fontawesome=\u00a0\u00bbfa fa-adjust\u00a0\u00bb i_icon_openiconic=\u00a0\u00bbvc-oi vc-oi-dial\u00a0\u00bb i_icon_typicons=\u00a0\u00bbtypcn typcn-adjust-brightness\u00a0\u00bb i_icon_entypo=\u00a0\u00bbentypo-icon entypo-icon-note\u00a0\u00bb i_icon_linecons=\u00a0\u00bbvc_li vc_li-heart\u00a0\u00bb css_animation=\u00a0\u00bb\u00a0\u00bb][vc_row_inner css=\u00a0\u00bb.vc_custom_1433327225943{padding-right: 15px !important;padding-bottom: 20px !important;padding-left: 15px !important;}\u00a0\u00bb][vc_column_inner][vc_single_image image=\u00a0\u00bb13672&Prime; img_size=\u00a0\u00bbfull\u00a0\u00bb alignment=\u00a0\u00bbcenter\u00a0\u00bb][vc_column_text]Chacune de nos cr\u00e9ations est fabriqu\u00e9e \u00e0 la main en Suisse. Celles-ci sont r\u00e9alis\u00e9es \u00e0 Heimberg dans le canton de Berne. Chaque pi\u00e8ce est unique et adapt\u00e9e selon vos d\u00e9sirs.<\/p>\n<p>Nous utilisons uniquement du m\u00e9tal de notre propre atelier. En ce qui concerne les autres mat\u00e9riaux tels que le bois, le verre et le cuir, nous collaborons avec des fournisseurs locaux qui partagent nos valeurs et travaillent avec le m\u00eame soin que nous.[\/vc_column_text][\/vc_column_inner][\/vc_row_inner][\/vc_column][\/vc_row][vc_row css=\u00a0\u00bb.vc_custom_1433475409996{margin-bottom: 20px !important;padding-right: 15px !important;padding-bottom: 20px !important;padding-left: 15px !important;}\u00a0\u00bb bg_overlay=\u00a0\u00bb0&Prime;][vc_column][vc_custom_heading text=\u00a0\u00bbNOTRE EQUIPE\u00a0\u00bb layout=\u00a0\u00bblayout2&Prime; font_container=\u00a0\u00bbtag:h2|font_size:17|text_align:left\u00a0\u00bb google_fonts=\u00a0\u00bbfont_family:Montserrat%3Aregular%2C700|font_style:700%20bold%20regular%3A700%3Anormal\u00a0\u00bb css=\u00a0\u00bb.vc_custom_1505574298749{margin-top: 25px !important;}\u00a0\u00bb][cms_grid layout=\u00a0\u00bbmasonry\u00a0\u00bb col_xs=\u00a0\u00bb1&Prime; col_sm=\u00a0\u00bb2&Prime; col_md=\u00a0\u00bb2&Prime; col_lg=\u00a0\u00bb2&Prime; filter=\u00a0\u00bbfalse\u00a0\u00bb source=\u00a0\u00bbsize:10|order_by:modified|order:DESC|post_type:team\u00a0\u00bb cms_template=\u00a0\u00bbcms_grid&#8211;team.php\u00a0\u00bb][\/vc_column][\/vc_row]<\/p>","protected":false},"excerpt":{"rendered":"<p>[vc_row bg_overlay=\u00a0\u00bb0&Prime; css=\u00a0\u00bb.vc_custom_1433475351746{padding-right: 15px !important;padding-left: 15px !important;}\u00a0\u00bb][vc_column][vc_custom_heading text=\u00a0\u00bbNOTRE VISION\u00a0\u00bb layout=\u00a0\u00bblayout2&Prime; title=\u00a0\u00bbText on the button\u00a0\u00bb button_type=\u00a0\u00bbbtn btn-default\u00a0\u00bb align=\u00a0\u00bbinline\u00a0\u00bb i_align=\u00a0\u00bbleft\u00a0\u00bb i_type=\u00a0\u00bbfontawesome\u00a0\u00bb i_icon_fontawesome=\u00a0\u00bbfa fa-adjust\u00a0\u00bb i_icon_openiconic=\u00a0\u00bbvc-oi vc-oi-dial\u00a0\u00bb i_icon_typicons=\u00a0\u00bbtypcn typcn-adjust-brightness\u00a0\u00bb i_icon_entypo=\u00a0\u00bbentypo-icon entypo-icon-note\u00a0\u00bb i_icon_linecons=\u00a0\u00bbvc_li vc_li-heart\u00a0\u00bb css_animation=\u00a0\u00bb\u00a0\u00bb][vc_row_inner css=\u00a0\u00bb.vc_custom_1433327225943{padding-right: 15px !important;padding-bottom: 20px !important;padding-left: 15px !important;}\u00a0\u00bb][vc_column_inner][vc_single_image image=\u00a0\u00bb13672&Prime; img_size=\u00a0\u00bbfull\u00a0\u00bb alignment=\u00a0\u00bbcenter\u00a0\u00bb][vc_column_text]Chacune de nos cr\u00e9ations est fabriqu\u00e9e \u00e0 la main en Suisse. Celles-ci sont r\u00e9alis\u00e9es \u00e0 Heimberg [&hellip;]<\/p>\n","protected":false},"author":1,"featured_media":0,"parent":0,"menu_order":0,"comment_status":"closed","ping_status":"closed","template":"page-templates\/page.php","meta":{"footnotes":""},"class_list":["post-45","page","type-page","status-publish","hentry"],"_links":{"self":[{"href":"https:\/\/www.bernoulli-design.ch\/fr\/wp-json\/wp\/v2\/pages\/45","targetHints":{"allow":["GET"]}}],"collection":[{"href":"https:\/\/www.bernoulli-design.ch\/fr\/wp-json\/wp\/v2\/pages"}],"about":[{"href":"https:\/\/www.bernoulli-design.ch\/fr\/wp-json\/wp\/v2\/types\/page"}],"author":[{"embeddable":true,"href":"https:\/\/www.bernoulli-design.ch\/fr\/wp-json\/wp\/v2\/users\/1"}],"replies":[{"embeddable":true,"href":"https:\/\/www.bernoulli-design.ch\/fr\/wp-json\/wp\/v2\/comments?post=45"}],"version-history":[{"count":20,"href":"https:\/\/www.bernoulli-design.ch\/fr\/wp-json\/wp\/v2\/pages\/45\/revisions"}],"predecessor-version":[{"id":13906,"href":"https:\/\/www.bernoulli-design.ch\/fr\/wp-json\/wp\/v2\/pages\/45\/revisions\/13906"}],"wp:attachment":[{"href":"https:\/\/www.bernoulli-design.ch\/fr\/wp-json\/wp\/v2\/media?parent=45"}],"curies":[{"name":"wp","href":"https:\/\/api.w.org\/{rel}","templated":true}]}}