{"id":57,"date":"2015-04-17T08:22:47","date_gmt":"2015-04-17T08:22:47","guid":{"rendered":"http:\/\/localhost\/demo-bullet\/?page_id=57"},"modified":"2017-09-16T15:01:22","modified_gmt":"2017-09-16T15:01:22","slug":"contact","status":"publish","type":"page","link":"https:\/\/www.bernoulli-design.ch\/fr\/contact\/","title":{"rendered":"CONTACTEZ-NOUS"},"content":{"rendered":"<p>[vc_row][vc_column][vc_custom_heading text=\u00a0\u00bbCONTACTEZ-NOUS\u00a0\u00bb layout=\u00a0\u00bblayout2&Prime;][\/vc_column][\/vc_row][vc_row css=\u00a0\u00bb.vc_custom_1435356003945{padding-right: 15px !important;padding-left: 15px !important;}\u00a0\u00bb bg_overlay=\u00a0\u00bb0&Prime;][vc_column width=\u00a0\u00bb1\/2&Prime;][vc_single_image image=\u00a0\u00bb13697&Prime; img_size=\u00a0\u00bblarge\u00a0\u00bb][\/vc_column][vc_column width=\u00a0\u00bb1\/2&Prime;][vc_column_text]Souhaitez-vous faire fabriquer un meuble sur mesure, \u00eates-vous int\u00e9ress\u00e9 par un objet d\u00e9j\u00e0 fabriqu\u00e9 ou voulez-vous simplement acheter un composant d&rsquo;avion \u00ab\u00a0brut\u00a0\u00bb? Prenez contact avec nous, nous trouverons une solution pour toutes vos demandes.[\/vc_column_text][vc_text_separator title=\u00a0\u00bbSenden Sie uns eine Nachricht\u00a0\u00bb]<div role=\"form\" class=\"wpcf7\" id=\"wpcf7-f12-o3\" lang=\"en-US\" dir=\"ltr\">\n<div class=\"screen-reader-response\"><\/div>\n<form action=\"\/fr\/wp-json\/wp\/v2\/pages\/57#wpcf7-f12-o3\" method=\"post\" class=\"wpcf7-form\" novalidate=\"novalidate\">\n<div style=\"display: none;\">\n<input type=\"hidden\" name=\"_wpcf7\" value=\"12\" \/>\n<input type=\"hidden\" name=\"_wpcf7_version\" value=\"5.1.7\" \/>\n<input type=\"hidden\" name=\"_wpcf7_locale\" value=\"en_US\" \/>\n<input type=\"hidden\" name=\"_wpcf7_unit_tag\" value=\"wpcf7-f12-o3\" \/>\n<input type=\"hidden\" name=\"_wpcf7_container_post\" value=\"0\" \/>\n<\/div>\n<p><span class=\"wpcf7-form-control-wrap NameandSurname\"><input type=\"text\" name=\"NameandSurname\" value=\"\" size=\"40\" class=\"wpcf7-form-control wpcf7-text\" aria-invalid=\"false\" placeholder=\"Pr\u00e9nom\/Nom\" \/><\/span><\/p>\n<p><span class=\"wpcf7-form-control-wrap E-mail\"><input type=\"email\" name=\"E-mail\" value=\"\" size=\"40\" class=\"wpcf7-form-control wpcf7-text wpcf7-email wpcf7-validates-as-required wpcf7-validates-as-email\" aria-required=\"true\" aria-invalid=\"false\" placeholder=\"Email\" \/><\/span><\/p>\n<p><span class=\"wpcf7-form-control-wrap Telefon\"><input type=\"text\" name=\"Telefon\" value=\"\" size=\"40\" class=\"wpcf7-form-control wpcf7-text\" aria-invalid=\"false\" placeholder=\"T\u00e9l.\" \/><\/span><\/p>\n<p><span class=\"wpcf7-form-control-wrap Message\"><textarea name=\"Message\" cols=\"40\" rows=\"10\" class=\"wpcf7-form-control wpcf7-textarea\" aria-invalid=\"false\" placeholder=\"Votre message\"><\/textarea><\/span> <\/p>\n<p><input type=\"submit\" value=\"Envoyer\" class=\"wpcf7-form-control wpcf7-submit btn btn-primary\" id=\"send-message\" \/><\/p>\n<div class=\"wpcf7-response-output wpcf7-display-none\"><\/div><\/form><\/div>[vc_column_text]Ou envoyez-nous un email \u00e0\u00a0<a href=\"mailto:mail@bernoulli-design.ch\">mail@bernoulli-design.ch<\/a>[\/vc_column_text][\/vc_column][\/vc_row]<\/p>","protected":false},"excerpt":{"rendered":"<p>[vc_row][vc_column][vc_custom_heading text=\u00a0\u00bbCONTACTEZ-NOUS\u00a0\u00bb layout=\u00a0\u00bblayout2&Prime;][\/vc_column][\/vc_row][vc_row css=\u00a0\u00bb.vc_custom_1435356003945{padding-right: 15px !important;padding-left: 15px !important;}\u00a0\u00bb bg_overlay=\u00a0\u00bb0&Prime;][vc_column width=\u00a0\u00bb1\/2&Prime;][vc_single_image image=\u00a0\u00bb13697&Prime; img_size=\u00a0\u00bblarge\u00a0\u00bb][\/vc_column][vc_column width=\u00a0\u00bb1\/2&Prime;][vc_column_text]Souhaitez-vous faire fabriquer un meuble sur mesure, \u00eates-vous int\u00e9ress\u00e9 par un objet d\u00e9j\u00e0 fabriqu\u00e9 ou voulez-vous simplement acheter un composant d&rsquo;avion \u00ab\u00a0brut\u00a0\u00bb? Prenez contact avec nous, nous trouverons une solution pour toutes vos demandes.[\/vc_column_text][vc_text_separator title=\u00a0\u00bbSenden Sie uns eine Nachricht\u00a0\u00bb][vc_column_text]Ou envoyez-nous un email \u00e0\u00a0mail@bernoulli-design.ch[\/vc_column_text][\/vc_column][\/vc_row]<\/p>\n","protected":false},"author":1,"featured_media":0,"parent":0,"menu_order":0,"comment_status":"closed","ping_status":"closed","template":"page-templates\/page.php","meta":{"footnotes":""},"class_list":["post-57","page","type-page","status-publish","hentry"],"_links":{"self":[{"href":"https:\/\/www.bernoulli-design.ch\/fr\/wp-json\/wp\/v2\/pages\/57","targetHints":{"allow":["GET"]}}],"collection":[{"href":"https:\/\/www.bernoulli-design.ch\/fr\/wp-json\/wp\/v2\/pages"}],"about":[{"href":"https:\/\/www.bernoulli-design.ch\/fr\/wp-json\/wp\/v2\/types\/page"}],"author":[{"embeddable":true,"href":"https:\/\/www.bernoulli-design.ch\/fr\/wp-json\/wp\/v2\/users\/1"}],"replies":[{"embeddable":true,"href":"https:\/\/www.bernoulli-design.ch\/fr\/wp-json\/wp\/v2\/comments?post=57"}],"version-history":[{"count":29,"href":"https:\/\/www.bernoulli-design.ch\/fr\/wp-json\/wp\/v2\/pages\/57\/revisions"}],"predecessor-version":[{"id":13903,"href":"https:\/\/www.bernoulli-design.ch\/fr\/wp-json\/wp\/v2\/pages\/57\/revisions\/13903"}],"wp:attachment":[{"href":"https:\/\/www.bernoulli-design.ch\/fr\/wp-json\/wp\/v2\/media?parent=57"}],"curies":[{"name":"wp","href":"https:\/\/api.w.org\/{rel}","templated":true}]}}